{"id":250,"date":"2014-01-10T17:12:41","date_gmt":"2014-01-10T16:12:41","guid":{"rendered":"https:\/\/fundacja.radiopodlasie.pl\/?page_id=250"},"modified":"2024-03-11T19:40:19","modified_gmt":"2024-03-11T18:40:19","slug":"1-procent","status":"publish","type":"page","link":"https:\/\/fundacja.radiopodlasie.pl\/?page_id=250","title":{"rendered":"1,5 procenta"},"content":{"rendered":"<h1 style=\"text-align: center;\"><strong>KRS:\u00a0 0000 37 22 77<\/strong><\/h1>\n<p><strong>Wpisuj\u0105c w zeznaniu podatkowym powy\u017cszy numer KRS, wspieraj\u0105 Pa\u0144stwo za po\u015brednictwem Fundacji Podlaskie Centrum Radiowe, dzia\u0142alno\u015b\u0107 Katolickiego Radia Podlasie oraz Regionalnego Portalu Informacyjnego podlasie24.pl<\/strong><br \/>Fundacja Podlaskie Centrum Radiowe zosta\u0142a na pocz\u0105tku grudnia 2013 r., wpisana do Krajowego Rejestru S\u0105dowego jako Organizacja Po\u017cytku Publicznego. Dzi\u0119ki temu, wype\u0142niaj\u0105c zeznanie podatkowe, mo\u017cna odpisa\u0107 1,5 proc. podatku na rzecz Fundacji.<\/p>\n<p>Ka\u017cdy podatnik mo\u017ce przekaza\u0107 1,5% swojego podatku na rzecz Organizacji Po\u017cytku Publicznego. Ten u\u0142amek swojego podatku mo\u017cna przekaza\u0107 tak\u017ce na rzecz Katolickiego Radia Podlasie za po\u015brednictwem Fundacji Podlaskie Centrum Radiowe. Dzi\u0119ki temu b\u0119d\u0105 Pa\u0144stwo mieli udzia\u0142 we wszelkich dzia\u0142aniach Radia oraz inicjatywach jakim Radio patronuje.<\/p>\n<p>Nadrz\u0119dnym celem dzia\u0142alno\u015bci Fundacji Podlaskie Centrum Radiowe jest wsparcie dzia\u0142a\u0144 Katolickiego Radia Podlasie i Regionalnego Portalu Informacyjnego podlasie24.pl.<\/p>\n<p>Wystarczy w zeznaniu podatkowym za obecny rok wpisa\u0107 numer <strong>KRS 0000 37 22 77<\/strong>, aby w ten spos\u00f3b wskaza\u0107, gdzie ma trafi\u0107 cz\u0119\u015b\u0107 Pa\u0144stwa podatku. To wsparcie w znacz\u0105cy spos\u00f3b pomo\u017ce w realizacji zar\u00f3wno dzia\u0142a\u0144 statutowych fundacji, jak i funkcjonowania na rynku medialnym Katolickiego Radia Podlasie i Regionalnego Portalu Informacyjnego podlasie24.pl.<\/p>\n<p>Odpisu 1,5% podatku na rzecz, wspieraj\u0105cej Katolickie Radio Podlasie, Fundacji Podlaskie Centrum Radiowe, mo\u017cna dokona\u0107 <span style=\"color: #993300;\"><strong>ju\u017c teraz<\/strong><\/span>, rozliczaj\u0105c si\u0119 z podatku za 2023 rok.<\/p>\n<p><strong>UWAGA EMERYCI I RENCI\u015aCI<\/strong><\/p>\n<p>Emeryci lub renci\u015bci, kt\u00f3rzy chc\u0105 przekaza\u0107 1,5 proc. podatku na rzecz wybranej Organizacji Po\u017cytku Publicznego (OPP) maj\u0105 tak\u0105 mo\u017cliwo\u015b\u0107. Je\u015bli jest to ta sama organizacja co w ubieg\u0142ym roku, nie musz\u0105 nic robi\u0107. Urz\u0105d skarbowy zrobi to za nich za po\u015brednictwem us\u0142ugi Tw\u00f3j e-PIT. Wskazana w ubieg\u0142ym roku OPP musi by\u0107 w aktualnym wykazie OPP. Je\u017celi \u015bwiadczeniobiorcy chc\u0105 przekaza\u0107 1,5 proc. podatku na rzecz innej ni\u017c w ubieg\u0142ym roku OPP, to powinni wype\u0142ni\u0107 druk PIT-OP i przekaza\u0107 do swojego urz\u0119du skarbowego. Druk mo\u017cna pobra\u0107 ze strony: <a href=\"https:\/\/www.finanse.mf.gov.pl\/documents\/766655\/5890163\/PIT+OP.pdf\">https:\/\/www.podatki.gov.pl\/<\/a> lub z Urz\u0119du Skarbowego.<\/p>\n<p>Urz\u0105d Skarbowy samodzielnie wyliczy kwot\u0119 1,5% podatku i przeka\u017ce go na konto wybranej organizacji.<\/p>\n<p>Zach\u0119camy do przekazania 1,5% na Katolickie Radio Podasie &#8211; w poz. 9 PIT &#8211; OP nale\u017cy wpisa\u0107 nr 0000372277.<\/p>\n<p>\u00a0<\/p>\n<p style=\"text-align: center;\">Aby to zrobi\u0107, nale\u017cy wskaza\u0107 w zeznaniu podatkowym<\/p>\n<p style=\"text-align: center;\"><strong>Fundacj\u0119 Podlaskie Centrum Radiowe <\/strong><\/p>\n<p style=\"text-align: center;\">i wpisa\u0107<\/p>\n<p style=\"text-align: center;\"><strong>nr KRS \u2013 0000 37 22 77<\/strong><\/p>\n\n<div class=\"wp-block-image\">\n<figure class=\"aligncenter size-full\"><a href=\"https:\/\/www.pity.pl\/\"><img decoding=\"async\" loading=\"lazy\" width=\"728\" height=\"90\" src=\"https:\/\/fundacja.radiopodlasie.pl\/wp-content\/uploads\/2024\/03\/PITy-lb.jpg\" alt=\"\" class=\"wp-image-1447\" srcset=\"https:\/\/fundacja.radiopodlasie.pl\/wp-content\/uploads\/2024\/03\/PITy-lb.jpg 728w, https:\/\/fundacja.radiopodlasie.pl\/wp-content\/uploads\/2024\/03\/PITy-lb-300x37.jpg 300w\" sizes=\"(max-width: 728px) 100vw, 728px\" \/><\/a><\/figure><\/div>","protected":false},"excerpt":{"rendered":"<p>KRS:\u00a0 0000 37 22 77 Wpisuj\u0105c w zeznaniu podatkowym powy\u017cszy numer KRS, wspieraj\u0105 Pa\u0144stwo za po\u015brednictwem Fundacji Podlaskie Centrum Radiowe, dzia\u0142alno\u015b\u0107 Katolickiego Radia Podlasie oraz Regionalnego Portalu Informacyjnego podlasie24.plFundacja Podlaskie Centrum Radiowe zosta\u0142a na pocz\u0105tku grudnia 2013 r., wpisana do Krajowego Rejestru S\u0105dowego jako Organizacja Po\u017cytku Publicznego. Dzi\u0119ki temu, wype\u0142niaj\u0105c zeznanie podatkowe, mo\u017cna odpisa\u0107 1,5 [&hellip;]<\/p>\n","protected":false},"author":1,"featured_media":0,"parent":0,"menu_order":0,"comment_status":"closed","ping_status":"open","template":"","meta":{"ngg_post_thumbnail":0},"_links":{"self":[{"href":"https:\/\/fundacja.radiopodlasie.pl\/index.php?rest_route=\/wp\/v2\/pages\/250"}],"collection":[{"href":"https:\/\/fundacja.radiopodlasie.pl\/index.php?rest_route=\/wp\/v2\/pages"}],"about":[{"href":"https:\/\/fundacja.radiopodlasie.pl\/index.php?rest_route=\/wp\/v2\/types\/page"}],"author":[{"embeddable":true,"href":"https:\/\/fundacja.radiopodlasie.pl\/index.php?rest_route=\/wp\/v2\/users\/1"}],"replies":[{"embeddable":true,"href":"https:\/\/fundacja.radiopodlasie.pl\/index.php?rest_route=%2Fwp%2Fv2%2Fcomments&post=250"}],"version-history":[{"count":24,"href":"https:\/\/fundacja.radiopodlasie.pl\/index.php?rest_route=\/wp\/v2\/pages\/250\/revisions"}],"predecessor-version":[{"id":1451,"href":"https:\/\/fundacja.radiopodlasie.pl\/index.php?rest_route=\/wp\/v2\/pages\/250\/revisions\/1451"}],"wp:attachment":[{"href":"https:\/\/fundacja.radiopodlasie.pl\/index.php?rest_route=%2Fwp%2Fv2%2Fmedia&parent=250"}],"curies":[{"name":"wp","href":"https:\/\/api.w.org\/{rel}","templated":true}]}}