{"id":6,"date":"2011-01-05T15:40:30","date_gmt":"2011-01-05T14:40:30","guid":{"rendered":"https:\/\/fundacja.radiopodlasie.pl\/?page_id=6"},"modified":"2026-01-08T22:01:53","modified_gmt":"2026-01-08T21:01:53","slug":"status-i-krs","status":"publish","type":"page","link":"https:\/\/fundacja.radiopodlasie.pl\/?page_id=6","title":{"rendered":"DOKUMENTY"},"content":{"rendered":"<div class=\"wp-block-image\">\n<figure class=\"aligncenter\"><a href=\"https:\/\/fundacja.radiopodlasie.pl\/?attachment_id=16\" rel=\"attachment wp-att-16\"><img decoding=\"async\" loading=\"lazy\" width=\"200\" height=\"162\" src=\"https:\/\/fundacja.radiopodlasie.pl\/wp-content\/uploads\/2011\/01\/PCR_logo.png\" alt=\"PCR_logo\" class=\"wp-image-16\"\/><\/a><\/figure><\/div>\n\n\n<p class=\"has-text-align-center\"><\/p>\n\n\n\n<p class=\"has-text-align-center\"><strong>STATUT<\/strong><\/p>\n\n\n\n<p class=\"has-text-align-center\">Statut Fundacji Podlaskie Centrum Radiowe: <a href=\"https:\/\/fundacja.radiopodlasie.pl\/wp-content\/uploads\/2025\/05\/STATUT-FUNDACJI_07.03.2025.pdf\">Plik w formacie PDF<\/a><\/p>\n\n\n\n<p class=\"has-text-align-center\"><strong>KRS<\/strong><\/p>\n\n\n\n<p class=\"has-text-align-center\">Odpis KRS Fundacji Podlaskie Centrum Radiowe: <a href=\"https:\/\/fundacja.radiopodlasie.pl\/0000372277.pdf\">Plik w formacie PDF<\/a><\/p>\n\n\n\n<p class=\"has-text-align-center\">Aktualny KRS do pobrania ze strony <a href=\"https:\/\/ems.ms.gov.pl\/krs\/wyszukiwaniepodmiotu\">Ministerstwa Sprawiedliwo\u015bci<\/a><\/p>\n\n\n\n<p class=\"has-text-align-center\"><strong>POZOSTA\u0141E<\/strong><\/p>\n\n\n\n<p class=\"has-text-align-center\"><a rel=\"noreferrer noopener\" href=\"https:\/\/fundacja.radiopodlasie.pl\/wp-content\/uploads\/2026\/01\/standardy_pdf_dorosli.pdf\" target=\"_blank\">Standardy Ochrony Ma\u0142oletnich<\/a><br \/><a href=\"https:\/\/fundacja.radiopodlasie.pl\/wp-content\/uploads\/2026\/01\/Standardy-PDF-dzieci-.pdf\" target=\"_blank\" rel=\"noreferrer noopener\">Standardy Ochrony Ma\u0142oletnich &#8211; wersja dla dzieci<\/a><\/p>\n","protected":false},"excerpt":{"rendered":"<p>STATUT Statut Fundacji Podlaskie Centrum Radiowe: Plik w formacie PDF KRS Odpis KRS Fundacji Podlaskie Centrum Radiowe: Plik w formacie PDF Aktualny KRS do pobrania ze strony Ministerstwa Sprawiedliwo\u015bci POZOSTA\u0141E Standardy Ochrony Ma\u0142oletnichStandardy Ochrony Ma\u0142oletnich &#8211; wersja dla dzieci<\/p>\n","protected":false},"author":1,"featured_media":0,"parent":0,"menu_order":0,"comment_status":"open","ping_status":"open","template":"","meta":{"ngg_post_thumbnail":0},"_links":{"self":[{"href":"https:\/\/fundacja.radiopodlasie.pl\/index.php?rest_route=\/wp\/v2\/pages\/6"}],"collection":[{"href":"https:\/\/fundacja.radiopodlasie.pl\/index.php?rest_route=\/wp\/v2\/pages"}],"about":[{"href":"https:\/\/fundacja.radiopodlasie.pl\/index.php?rest_route=\/wp\/v2\/types\/page"}],"author":[{"embeddable":true,"href":"https:\/\/fundacja.radiopodlasie.pl\/index.php?rest_route=\/wp\/v2\/users\/1"}],"replies":[{"embeddable":true,"href":"https:\/\/fundacja.radiopodlasie.pl\/index.php?rest_route=%2Fwp%2Fv2%2Fcomments&post=6"}],"version-history":[{"count":10,"href":"https:\/\/fundacja.radiopodlasie.pl\/index.php?rest_route=\/wp\/v2\/pages\/6\/revisions"}],"predecessor-version":[{"id":1514,"href":"https:\/\/fundacja.radiopodlasie.pl\/index.php?rest_route=\/wp\/v2\/pages\/6\/revisions\/1514"}],"wp:attachment":[{"href":"https:\/\/fundacja.radiopodlasie.pl\/index.php?rest_route=%2Fwp%2Fv2%2Fmedia&parent=6"}],"curies":[{"name":"wp","href":"https:\/\/api.w.org\/{rel}","templated":true}]}}